{"id":3169,"date":"2012-06-08T13:08:24","date_gmt":"2012-06-08T04:08:24","guid":{"rendered":"https:\/\/www.takahatafudoson.or.jp\/?page_id=3169"},"modified":"2020-06-16T16:40:36","modified_gmt":"2020-06-16T07:40:36","slug":"nentyu_gyoji","status":"publish","type":"page","link":"https:\/\/www.takahatafudoson.or.jp\/en?page_id=3169","title":{"rendered":"Annual Events"},"content":{"rendered":"<h4 id=\"year\">Annual Events<\/h4>\n<p><img loading=\"lazy\" decoding=\"async\" width=\"1030\" height=\"343\" class=\"alignnone wp-image-3039 size-1030X343\" src=\"https:\/\/www.takahatafudoson.or.jp\/wp-content\/uploads\/2019\/09\/IMG_3989-2-1030x343.jpg\" alt=\"\u7bc0\u5206\u4f1a\u8c46\u6492\u5f0f\" \/><\/p>\n<p style=\"text-align: center;\"><span style=\"font-size: 12px;\">Setsubun Bean Throwing Ceremony<\/span><\/p>\n<div class=\"table-responsive\">\n<table class=\"table text-nowrap table-striped table-bordered\">\n<tbody>\n<tr>\n<th>January 1st, 2nd, 3rd<\/th>\n<td>New Year&#8217;s morning Dai Goma Ritual<\/td>\n<\/tr>\n<tr>\n<th>\n<p>From New Year\u2019s Day<\/p>\n<p>to Setsubun in February 3<\/p>\n<\/th>\n<td>Yakuyoke Honoho Uchiwa Juyo Awards<\/td>\n<\/tr>\n<tr>\n<th>January 15<\/th>\n<td>Yakuby\u014dyoke Go\u014dh\u014din Inka, First Benten Festival<\/td>\n<\/tr>\n<tr>\n<th>January 21<\/th>\n<td>First K\u014db\u014d Daishi<\/td>\n<\/tr>\n<tr>\n<th>January 28<\/th>\n<td>First Fud\u014d Festival, Chigo Ceremony, Damaru Market<\/td>\n<\/tr>\n<tr>\n<th>January 31<\/th>\n<td>Bean Grilling Ceremony<\/td>\n<\/tr>\n<tr>\n<th>February 3,\u00a0 Setsubun<\/th>\n<td>Bean Throwing Ceremony, Damaru Market<\/td>\n<\/tr>\n<tr>\n<th>February 15<\/th>\n<td>Nehan Gathering (Death of Shakuson Ceremony)<\/td>\n<\/tr>\n<tr>\n<th>February 21<\/th>\n<td>K\u014db\u014d Daishi Sh\u014dmieku<\/td>\n<\/tr>\n<tr>\n<th>From April to October<\/th>\n<td>Tama pilgrimage to the 88 temples<\/td>\n<\/tr>\n<tr>\n<th>April 8<\/th>\n<td>Flower Festival (Birth of Shakuson Ceremony)<\/td>\n<\/tr>\n<tr>\n<th>April 28, 29<\/th>\n<td>National Treasure Spring Festival<\/td>\n<\/tr>\n<tr>\n<th>2nd Sunday of May<\/th>\n<td>Hino Shinsengumi Festival<\/td>\n<\/tr>\n<tr>\n<th>May 28<\/th>\n<td>Sh\u014dgoku Annual Festival<\/td>\n<\/tr>\n<tr>\n<th>June 1st-30<\/th>\n<td>Hydrangea Festival<\/td>\n<\/tr>\n<tr>\n<th>June 15<\/th>\n<td>Fresh Leaves Festival (K\u014db\u014d Daishi&#8217;s birthday)<\/td>\n<\/tr>\n<tr>\n<th>August 15<\/th>\n<td>Ura-bon Dai Segaki Ceremony<\/td>\n<\/tr>\n<tr>\n<th>September 28<\/th>\n<td>Autumn Festival, Dai Hannyu Gathering, Ohana Ko Tomine day<\/td>\n<\/tr>\n<tr>\n<th>From October 27<br \/>\nto November 18<\/th>\n<td>Chrysanthemum Festival<\/td>\n<\/tr>\n<tr>\n<th>During November<\/th>\n<td>Visit to the temple for the Shichi-go-san children<\/td>\n<\/tr>\n<tr>\n<th>November 18-30<\/th>\n<td>Maple Festival<\/td>\n<\/tr>\n<tr>\n<th>November 22, 23<\/th>\n<td>Mant\u014d Gathering, Takahata Maple Lamp Road<\/td>\n<\/tr>\n<tr>\n<th>December 11<\/th>\n<td>Housecleaning (Susuharai)<\/td>\n<\/tr>\n<tr>\n<th>December&#8217;s winter solstice<\/th>\n<td>Star Festival<\/td>\n<\/tr>\n<tr>\n<th>December 28<\/th>\n<td>Closing of Fud\u014d-son, Year-end Market<\/td>\n<\/tr>\n<tr>\n<th>December 31<\/th>\n<td>New Year&#8217;s Eve, Bell Ringing Ceremony<\/td>\n<\/tr>\n<\/tbody>\n<\/table>\n<\/div>\n<p>&nbsp;<\/p>\n<h4 id=\"month\">Monthly Events<\/h4>\n<p><img loading=\"lazy\" decoding=\"async\" width=\"1030\" height=\"343\" class=\"alignnone size-1030X343 wp-image-3050\" src=\"https:\/\/www.takahatafudoson.or.jp\/wp-content\/uploads\/2019\/09\/IMG_0367-1030x343.jpg\" alt=\"\" \/><\/p>\n<p style=\"text-align: center;\"><span style=\"font-size: 12px;\">Gozare Market<\/span><\/p>\n<div class=\"table-responsive\">\n<table class=\"table text-nowrap table-striped table-bordered\">\n<tbody>\n<tr>\n<th>28th<\/th>\n<td>\n<div>Fud\u014d Festival<\/div>\n<div>Sand\u014d pedestrian area (10:00-16:00)<\/div>\n<\/td>\n<\/tr>\n<tr>\n<th>21th<\/th>\n<td>\n<div>Founder K\u014db\u014d Daishi\u2019s death anniversary<\/div>\n<div>Monthly sutra copying gathering at 13:30<\/div>\n<\/td>\n<\/tr>\n<tr>\n<th>24th<\/th>\n<td>Sentai Jiz\u014dson monthly ceremony at 14:00<\/td>\n<\/tr>\n<tr>\n<th>15th<\/th>\n<td>Otakiage<\/td>\n<\/tr>\n<tr>\n<th>First Tuesday<\/th>\n<td>Haiga classroom<\/td>\n<\/tr>\n<tr>\n<th>Second Sunday<\/th>\n<td>Recycle Market (Canceled in the rain)<\/td>\n<\/tr>\n<tr>\n<th>Third Sunday<\/th>\n<td>Gozare Market<\/td>\n<\/tr>\n<\/tbody>\n<\/table>\n<\/div>\n<p>&nbsp;<\/p>\n<h4 id=\"day\">Daily Events<\/h4>\n<p><img loading=\"lazy\" decoding=\"async\" width=\"1030\" height=\"343\" class=\"alignnone size-1030X343 wp-image-3053\" src=\"https:\/\/www.takahatafudoson.or.jp\/wp-content\/uploads\/2019\/09\/IMG_6526-1030x343.jpg\" alt=\"\" \/><\/p>\n<p style=\"text-align: center;\"><span style=\"font-size: 12px;\">Goma Fire Ritual<\/span><\/p>\n<h5>Prayers for traffic safety<\/h5>\n<div>Takahata-Fudoson is known to as the head temple for praying for traffic safety, and is crowded with all sorts of vehicles and drivers everyday.<\/div>\n<div>Anyone who wishes to pray for traffic safety is welcome to come make a request. Here, we pray everyday to Fud\u014d My\u014d-\u014d for everyone\u2019s safety.<\/div>\n<div>\u00a0<\/div>\n<div>The traffic safety prayer is accepted on the day, so please accept it about 10 minutes in advance. Apply at the traffic safety prayer reception desk.<\/div>\n<div>\u00a0<\/div>\n<div class=\"table-responsive\">\n<table class=\"table text-nowrap table-striped table-bordered\">\n<tbody>\n<tr>\n<th>Everyday<\/th>\n<td>Requests start at 9:00 and end at 16:30<\/td>\n<\/tr>\n<\/tbody>\n<\/table>\n<\/div>\n<p>The rites begin at 0:00 on New Year\u2019s Day, at 6:00 on January 2 and 3, and at 8:00 from January 4 to January 7. Please make your request at the reception for prayers for traffic safety.<\/p>\n<p>If you need a personal traffic safety prayer application form, please contact Takahata Fudoson Kongo-ji Temple.<\/p>\n<h5 id=\"gomasc\">Goma Ritual<\/h5>\n<p>Goma, or homa in Sanskrit, means to burn. This ceremony represents the burning of bonnou, which is the source of suffering, by Buddha\u2019s fire of wisdom.<\/p>\n<p>For the Goma Ritual, a platform is set up with various offerings in front of the Fud\u014d My\u014d-\u014d. Then, a special firewood named Goma-ki is burnt down, and mantras are chanted in Mikky\u014d\u2019s characteristic prayers.<\/p>\n<p>The Goma fire is the symbol of wisdom, and the firewood represents bonnou (the source of suffering). \u00a0Through the Goma Ritual, the bonnnou represented by firewood is burned down by Fud\u014d My\u014d-\u014d\u2019s fire of wisdom, and along with the believers, their wishes are purified while they pray for their fulfillment.<\/p>\n<div>Available prayers are:<\/p>\n<\/div>\n<div>\u2013 household safety<br \/>\n\u2013 business prosperity<br \/>\n\u2013 health safety<br \/>\n\u2013 protection against disasters<br \/>\n\u2013 warding off evil<br \/>\n\u2013 recovery from illness<br \/>\n\u2013 success for surgical operation<br \/>\n\u2013 recovery from injury<br \/>\n\u2013 fulfillment of one\u2019s earnest wishes<br \/>\n\u2013 company prosperity<br \/>\n\u2013 project prosperity<br \/>\n\u2013 construction work safety<br \/>\n\u2013 work safety<br \/>\n\u2013 traffic safety<br \/>\n\u2013 travel safety<br \/>\n\u2013 easy childbirth<br \/>\n\u2013 protection against rokusan<br \/>\n\u2013 protection against housai<br \/>\n\u2013 fortune safety<br \/>\n\u2013 healthiness<br \/>\n\u2013 success for exams<br \/>\n\u2013 success to find employment<br \/>\n\u2013 studies fulfillment<br \/>\n\u2013 better fortune<br \/>\n\u2013 prayer for a newborn baby<br \/>\n\u2013 thanking, etc.<\/div>\n<div>\u00a0<\/div>\n<div>\u00a0<\/div>\n<p><!--\/\/6\u670815\u65e5\uff5e12\u670831\u65e5--><\/p>\n<h3>Normal period June 15\u301cDecember 31<\/h3>\n<div class=\"table-responsive mb-3\">\n<table class=\"table text-nowrap table-striped table-bordered\">\n<tbody>\n<tr>\n<th>Weekday\uff08excet 1st, 15th, 28th\uff09<\/th>\n<td>Am8:00<\/td>\n<td>Am10:00<\/td>\n<td>Am11:30<\/td>\n<td>Pm1:00<\/td>\n<td>Pm3:00<\/td>\n<td>&nbsp;<\/td>\n<td>&nbsp;<\/td>\n<td>&nbsp;<\/td>\n<\/tr>\n<tr>\n<th>Saturdays, Sundays, and holidays<\/th>\n<td>Am8:00<\/td>\n<td>Am10:00<\/td>\n<td>Am11:30<\/td>\n<td>Pm1:00<\/td>\n<td>Pm2:30<\/td>\n<td>Pm4:00<\/td>\n<td>&nbsp;<\/td>\n<td>&nbsp;<\/td>\n<\/tr>\n<tr>\n<th>1st, 15th<\/th>\n<td>Am5:00<\/td>\n<td>Am10:00<\/td>\n<td>Am11:30<\/td>\n<td>Pm1:00<\/td>\n<td>Pm3:00<\/td>\n<td>&nbsp;<\/td>\n<td>&nbsp;<\/td>\n<td>&nbsp;<\/td>\n<\/tr>\n<tr>\n<th>Fair day\uff0828th\uff09<\/th>\n<td>Am5:00<\/td>\n<td>Am9:00<\/td>\n<td>Am10:00<\/td>\n<td>Am11:00<\/td>\n<td>Am12:00<\/td>\n<td>Pm1:00<\/td>\n<td>Pm2:30<\/td>\n<td>Pm4:00<\/td>\n<\/tr>\n<\/tbody>\n<\/table>\n<p>&nbsp;<\/p>\n<\/div>\n<h6>The Goma Ritual fees<\/h6>\n<ul>\n<li>Large Daigoma Ritual (58cm) \u2013 More than \u00a530,000<\/li>\n<li>Medium Chugoma Ritual (52cm) \u2013 \u00a510,000<\/li>\n<li>Goma Ritual (45cm) \u2013 \u00a55,000<\/li>\n<li>Goma Ritual (37cm) \u2013 \u00a53,000<\/li>\n<li>Kaichusatsu \u2013 \u00a53,000<\/li>\n<li>Prayer for traffic safety \u2013 \u00a53,000<\/li>\n<\/ul>\n","protected":false},"excerpt":{"rendered":"<p>Annual Events Setsubun Bean Throwing Ceremony January 1st, 2nd, 3rd New Year&#8217;s morning Dai Goma Ritual From New Year\u2019s Day to Setsubun in February 3 Yakuyoke Honoho Uchiwa Juyo Awards January 15 Yakuby\u014dyoke Go\u014dh\u014din Inka, First Benten Festival January 21 [&hellip;]<\/p>\n","protected":false},"author":4,"featured_media":3030,"parent":0,"menu_order":0,"comment_status":"open","ping_status":"open","template":"page-event.php","meta":{"_acf_changed":false,"footnotes":""},"class_list":["post-3169","page","type-page","status-publish","has-post-thumbnail","hentry"],"acf":[],"_links":{"self":[{"href":"https:\/\/www.takahatafudoson.or.jp\/en\/index.php?rest_route=\/wp\/v2\/pages\/3169","targetHints":{"allow":["GET"]}}],"collection":[{"href":"https:\/\/www.takahatafudoson.or.jp\/en\/index.php?rest_route=\/wp\/v2\/pages"}],"about":[{"href":"https:\/\/www.takahatafudoson.or.jp\/en\/index.php?rest_route=\/wp\/v2\/types\/page"}],"author":[{"embeddable":true,"href":"https:\/\/www.takahatafudoson.or.jp\/en\/index.php?rest_route=\/wp\/v2\/users\/4"}],"replies":[{"embeddable":true,"href":"https:\/\/www.takahatafudoson.or.jp\/en\/index.php?rest_route=%2Fwp%2Fv2%2Fcomments&post=3169"}],"version-history":[{"count":34,"href":"https:\/\/www.takahatafudoson.or.jp\/en\/index.php?rest_route=\/wp\/v2\/pages\/3169\/revisions"}],"predecessor-version":[{"id":5504,"href":"https:\/\/www.takahatafudoson.or.jp\/en\/index.php?rest_route=\/wp\/v2\/pages\/3169\/revisions\/5504"}],"wp:featuredmedia":[{"embeddable":true,"href":"https:\/\/www.takahatafudoson.or.jp\/en\/index.php?rest_route=\/wp\/v2\/media\/3030"}],"wp:attachment":[{"href":"https:\/\/www.takahatafudoson.or.jp\/en\/index.php?rest_route=%2Fwp%2Fv2%2Fmedia&parent=3169"}],"curies":[{"name":"wp","href":"https:\/\/api.w.org\/{rel}","templated":true}]}}