{"id":4407,"date":"2012-06-18T14:01:41","date_gmt":"2012-06-18T05:01:41","guid":{"rendered":"https:\/\/www.takahatafudoson.or.jp\/?page_id=4407"},"modified":"2019-10-15T17:09:08","modified_gmt":"2019-10-15T08:09:08","slug":"bunkazai","status":"publish","type":"page","link":"https:\/\/www.takahatafudoson.or.jp\/en?page_id=4407","title":{"rendered":"Takahata-Fudoson&#8217;s Designated Cultural Properties"},"content":{"rendered":"<p><a href=\"https:\/\/www.takahatafudoson.or.jp\/wp-content\/uploads\/2019\/09\/9798375780c39aa7b0f723e3706d5c22.jpg\"><img loading=\"lazy\" decoding=\"async\" class=\"alignnone wp-image-3160 size-1030X343\" src=\"https:\/\/www.takahatafudoson.or.jp\/wp-content\/uploads\/2019\/09\/9798375780c39aa7b0f723e3706d5c22-1030x343.jpg\" alt=\"\" width=\"1030\" height=\"343\" \/><\/a><\/p>\n<p>&nbsp;<\/p>\n<p>Takahata-Fudoson lost a great number of temple treasures in a fire in 1779, but still possesses about 20,000 precious cultural properties today, including Buddhas from the Heian era such as the Statue of Fud\u014dsanson, the Statue of Dainichi-nyorai, the Statue of Gangiten, the Statue of Bosatsu and more.<\/p>\n<p>&nbsp;<\/p>\n<div class=\"table-responsive\"><\/p>\n<table class=\"table text-nowrap\">\n<tbody>\n<tr>\n<th rowspan=\"3\" style=\"width: 100px;\">Structures<\/th>\n<th style=\"width: 200px;\">Fud\u014d-d\u014d Hall<br \/>\n<a href=\"https:\/\/www.takahatafudoson.or.jp\/wp-content\/uploads\/2019\/09\/IMG_5901.jpg\"><img loading=\"lazy\" decoding=\"async\" src=\"https:\/\/www.takahatafudoson.or.jp\/wp-content\/uploads\/2019\/09\/IMG_5901-150x150.jpg\" alt=\"\u4e0d\u52d5\u5802\" width=\"150\" height=\"150\" class=\"alignnone size-thumbnail wp-image-3068\" srcset=\"https:\/\/www.takahatafudoson.or.jp\/wp-content\/uploads\/2019\/09\/IMG_5901-150x150.jpg 150w, https:\/\/www.takahatafudoson.or.jp\/wp-content\/uploads\/2019\/09\/IMG_5901-300x300.jpg 300w\" sizes=\"auto, (max-width: 150px) 100vw, 150px\" \/><\/a><\/th>\n<td>Important Cultural Property<\/td>\n<td>Kamakura period<\/td>\n<\/tr>\n<tr>\n<th>Ni\u014dmon Gate<br \/>\n<a href=\"https:\/\/www.takahatafudoson.or.jp\/wp-content\/uploads\/2019\/09\/IMG_7113.jpg\"><img loading=\"lazy\" decoding=\"async\" src=\"https:\/\/www.takahatafudoson.or.jp\/wp-content\/uploads\/2019\/09\/IMG_7113-150x150.jpg\" alt=\"\u4ec1\u738b\u9580\" width=\"150\" height=\"150\" class=\"alignnone size-thumbnail wp-image-3066\" srcset=\"https:\/\/www.takahatafudoson.or.jp\/wp-content\/uploads\/2019\/09\/IMG_7113-150x150.jpg 150w, https:\/\/www.takahatafudoson.or.jp\/wp-content\/uploads\/2019\/09\/IMG_7113-300x300.jpg 300w\" sizes=\"auto, (max-width: 150px) 100vw, 150px\" \/><\/a><\/th>\n<td>Important Cultural Property<\/td>\n<td>Muromachi period<\/td>\n<\/tr>\n<tr>\n<th>Gobu-gongen Shrine<br \/>\n<a href=\"https:\/\/www.takahatafudoson.or.jp\/wp-content\/uploads\/2019\/10\/780d55bbc800f3f17ede56bdded28291.jpg\"><img loading=\"lazy\" decoding=\"async\" src=\"https:\/\/www.takahatafudoson.or.jp\/wp-content\/uploads\/2019\/10\/780d55bbc800f3f17ede56bdded28291-150x150.jpg\" alt=\"\u4e94\u90e8\u6a29\u73fe\u793e\u6bbf\" width=\"150\" height=\"150\" class=\"alignnone size-thumbnail wp-image-4565\" srcset=\"https:\/\/www.takahatafudoson.or.jp\/wp-content\/uploads\/2019\/10\/780d55bbc800f3f17ede56bdded28291-150x150.jpg 150w, https:\/\/www.takahatafudoson.or.jp\/wp-content\/uploads\/2019\/10\/780d55bbc800f3f17ede56bdded28291-300x300.jpg 300w\" sizes=\"auto, (max-width: 150px) 100vw, 150px\" \/><\/a><\/th>\n<td>Metropolitan Tangible Cultural Property<\/td>\n<td>Kambun era<\/td>\n<\/tr>\n<tr>\n<th rowspan=\"4\">Statues of Buddhas<\/th>\n<th>Statue of Fud\u014d My\u014d-\u014d<br \/>\n<a href=\"https:\/\/www.takahatafudoson.or.jp\/wp-content\/uploads\/2019\/10\/e6b07d48e20f3d290cf24d459d9b1085.jpg\"><img loading=\"lazy\" decoding=\"async\" src=\"https:\/\/www.takahatafudoson.or.jp\/wp-content\/uploads\/2019\/10\/e6b07d48e20f3d290cf24d459d9b1085-150x150.jpg\" alt=\"\u4e0d\u52d5\u660e\u738b\u50cf\" width=\"150\" height=\"150\" class=\"alignnone size-thumbnail wp-image-4576\" srcset=\"https:\/\/www.takahatafudoson.or.jp\/wp-content\/uploads\/2019\/10\/e6b07d48e20f3d290cf24d459d9b1085-150x150.jpg 150w, https:\/\/www.takahatafudoson.or.jp\/wp-content\/uploads\/2019\/10\/e6b07d48e20f3d290cf24d459d9b1085-300x300.jpg 300w\" sizes=\"auto, (max-width: 150px) 100vw, 150px\" \/><\/a><\/th>\n<td>Important Cultural Property<\/td>\n<td>Heian period<\/td>\n<\/tr>\n<tr>\n<th>Statue of Kongara-d\u014dji<\/th>\n<td>Important Cultural Property<\/td>\n<td>Heian period<\/td>\n<\/tr>\n<tr>\n<th>Statue of Seitaka-d\u014dji<\/th>\n<td>Important Cultural Property<\/td>\n<td>Heian period<\/td>\n<\/tr>\n<tr>\n<th>Statue of Dainichi-nyorai<br \/>\n<a href=\"https:\/\/www.takahatafudoson.or.jp\/wp-content\/uploads\/2019\/10\/5f565f5d2d2303986b7f7344c4db3a0d.jpg\"><img loading=\"lazy\" decoding=\"async\" src=\"https:\/\/www.takahatafudoson.or.jp\/wp-content\/uploads\/2019\/10\/5f565f5d2d2303986b7f7344c4db3a0d-150x150.jpg\" alt=\"\u5927\u65e5\u5982\u6765\u50cf\" width=\"150\" height=\"150\" class=\"alignnone size-thumbnail wp-image-4578\" srcset=\"https:\/\/www.takahatafudoson.or.jp\/wp-content\/uploads\/2019\/10\/5f565f5d2d2303986b7f7344c4db3a0d-150x150.jpg 150w, https:\/\/www.takahatafudoson.or.jp\/wp-content\/uploads\/2019\/10\/5f565f5d2d2303986b7f7344c4db3a0d-300x300.jpg 300w\" sizes=\"auto, (max-width: 150px) 100vw, 150px\" \/><\/a><\/th>\n<td>City Designated Important Cultural Property<\/td>\n<td>\n<p>In the middle of Heian period<br \/>\n(10th Century)<\/p>\n<\/td>\n<\/tr>\n<tr>\n<th rowspan=\"8\">Pictures of Buddhas<\/th>\n<th>Sonsh\u014d Mandala<\/th>\n<td>Important Art<\/td>\n<td>Nambokuch\u014d period<\/td>\n<\/tr>\n<tr>\n<th>Benzaiten-j\u016broku-d\u014dji Statue<\/th>\n<td>Metropolitan Tangible Cultural Property<\/td>\n<td>Muromachi period<\/td>\n<\/tr>\n<tr>\n<th>Fud\u014d My\u014d-\u014d Ni-d\u014dji Statue<br \/>\n<a href=\"https:\/\/www.takahatafudoson.or.jp\/wp-content\/uploads\/2019\/10\/f31f2d92a94985862e97a0b7d4329a41.jpg\"><img loading=\"lazy\" decoding=\"async\" src=\"https:\/\/www.takahatafudoson.or.jp\/wp-content\/uploads\/2019\/10\/f31f2d92a94985862e97a0b7d4329a41-150x150.jpg\" alt=\"\u4e0d\u52d5\u660e\u738b\u4e8c\u7ae5\u5b50\u50cf\" width=\"150\" height=\"150\" class=\"alignnone size-thumbnail wp-image-4580\" srcset=\"https:\/\/www.takahatafudoson.or.jp\/wp-content\/uploads\/2019\/10\/f31f2d92a94985862e97a0b7d4329a41-150x150.jpg 150w, https:\/\/www.takahatafudoson.or.jp\/wp-content\/uploads\/2019\/10\/f31f2d92a94985862e97a0b7d4329a41-300x300.jpg 300w\" sizes=\"auto, (max-width: 150px) 100vw, 150px\" \/><\/a><\/th>\n<td>City Designated Important Cultural Property<\/td>\n<td>Muromachi period<\/td>\n<\/tr>\n<tr>\n<th>Aizen My\u014d-\u014d Statue<\/th>\n<td>City Designated Important Cultural Property<\/td>\n<td>Kamakura period<\/td>\n<\/tr>\n<tr>\n<th>Benzaiten-j\u016bgo-d\u014dji Statue<\/th>\n<td>City Designated Important Cultural Property<\/td>\n<td>Nambokuch\u014d period<\/td>\n<\/tr>\n<tr>\n<th>\n<p>Shi-tennou itae<br \/>\n(pictures drawn on board)<br \/>\n4 pictures<\/p>\n<\/th>\n<td>City Designated Important Cultural Property<\/td>\n<td>Tenna era (1682), Kan\u014d Akinobu<\/td>\n<\/tr>\n<tr>\n<th>\n<p>Amida-sanson Statue<br \/>\n(vertical picture)<\/p>\n<\/th>\n<td>City Designated Important Cultural Property<\/td>\n<td>Edo period, Kat\u014d Nobukiyo<\/td>\n<\/tr>\n<tr>\n<th>Jiz\u014d-basatsu Statue<\/th>\n<td>City Designated Important Cultural Property<\/td>\n<td>Muromachi period<\/td>\n<\/tr>\n<tr>\n<th>Pictures<\/th>\n<th>17 actual works of Tagimi<br \/>\n<a href=\"https:\/\/www.takahatafudoson.or.jp\/wp-content\/uploads\/2019\/10\/e626c7df56f7d15738acf5bab6e03fa8.jpg\"><img loading=\"lazy\" decoding=\"async\" src=\"https:\/\/www.takahatafudoson.or.jp\/wp-content\/uploads\/2019\/10\/e626c7df56f7d15738acf5bab6e03fa8-150x150.jpg\" alt=\"\u7530\u516c\u5b9f\u4f5c\u54c1\u7fa4\u5341\u4e03\u70b9\" width=\"150\" height=\"150\" class=\"alignnone size-thumbnail wp-image-4583\" srcset=\"https:\/\/www.takahatafudoson.or.jp\/wp-content\/uploads\/2019\/10\/e626c7df56f7d15738acf5bab6e03fa8-150x150.jpg 150w, https:\/\/www.takahatafudoson.or.jp\/wp-content\/uploads\/2019\/10\/e626c7df56f7d15738acf5bab6e03fa8-300x300.jpg 300w\" sizes=\"auto, (max-width: 150px) 100vw, 150px\" \/><\/a><\/th>\n<td>City Designated Important Cultural Property<\/td>\n<td>Edo period<\/td>\n<\/tr>\n<tr>\n<th rowspan=\"3\">Industrial arts<\/th>\n<th>Waniguchi steel gong<br \/>\n<a href=\"https:\/\/www.takahatafudoson.or.jp\/wp-content\/uploads\/2019\/10\/4358d7d03e7f524a5faf42dda7e24171.jpg\"><img loading=\"lazy\" decoding=\"async\" src=\"https:\/\/www.takahatafudoson.or.jp\/wp-content\/uploads\/2019\/10\/4358d7d03e7f524a5faf42dda7e24171-150x150.jpg\" alt=\"\u9c10\u53e3\" width=\"150\" height=\"150\" class=\"alignnone size-thumbnail wp-image-4585\" srcset=\"https:\/\/www.takahatafudoson.or.jp\/wp-content\/uploads\/2019\/10\/4358d7d03e7f524a5faf42dda7e24171-150x150.jpg 150w, https:\/\/www.takahatafudoson.or.jp\/wp-content\/uploads\/2019\/10\/4358d7d03e7f524a5faf42dda7e24171-300x300.jpg 300w\" sizes=\"auto, (max-width: 150px) 100vw, 150px\" \/><\/a><\/th>\n<td>Important Cultural Property<\/td>\n<td>\n<p>Bun&#8217;ei era<br \/>\nInscribed with the year 1273<\/p>\n<\/td>\n<\/tr>\n<tr>\n<th>Fud\u014dson Kaen-kokubun<\/th>\n<td>Important Cultural Property<\/td>\n<td>\n<p>K\u014dei era<br \/>\nInscribed with the year 1342<\/p>\n<\/td>\n<\/tr>\n<tr>\n<th>Gobu-gongen Shrine tablet<\/th>\n<td>Important Art<\/td>\n<td>Ryaku\u014d era (1340)<\/td>\n<\/tr>\n<tr>\n<th rowspan=\"10\">Ancient documents<\/th>\n<th>Letters of temple solicitation<\/th>\n<td>Important Cultural Property<\/td>\n<td>\u014cei era (1415)<br \/>\nDrafts written by Ch\u014dben Osh\u014d\u00a0<\/td>\n<\/tr>\n<tr>\n<th>Zo\u016bnai documents (69 documents)<br \/>\n<a href=\"https:\/\/www.takahatafudoson.or.jp\/wp-content\/uploads\/2019\/10\/fdb940eb8a28c3436d522d827c24d707.jpg\"><img loading=\"lazy\" decoding=\"async\" src=\"https:\/\/www.takahatafudoson.or.jp\/wp-content\/uploads\/2019\/10\/fdb940eb8a28c3436d522d827c24d707-150x150.jpg\" alt=\"\u50cf\u5185\u6587\u66f8\uff08\u516d\u5341\u4e5d\u70b9\uff09\" width=\"150\" height=\"150\" class=\"alignnone size-thumbnail wp-image-4587\" srcset=\"https:\/\/www.takahatafudoson.or.jp\/wp-content\/uploads\/2019\/10\/fdb940eb8a28c3436d522d827c24d707-150x150.jpg 150w, https:\/\/www.takahatafudoson.or.jp\/wp-content\/uploads\/2019\/10\/fdb940eb8a28c3436d522d827c24d707-300x300.jpg 300w\" sizes=\"auto, (max-width: 150px) 100vw, 150px\" \/><\/a><\/th>\n<td>Important Cultural Property<\/td>\n<td>Nambokuch\u014d period<\/td>\n<\/tr>\n<tr>\n<th>K\u014db\u014d Daishi&#8217;s will<br \/>\n<a href=\"https:\/\/www.takahatafudoson.or.jp\/wp-content\/uploads\/2019\/10\/04cbc63af1ec849088d42300f0cf2947.jpg\"><img loading=\"lazy\" decoding=\"async\" src=\"https:\/\/www.takahatafudoson.or.jp\/wp-content\/uploads\/2019\/10\/04cbc63af1ec849088d42300f0cf2947-150x150.jpg\" alt=\"\u5f18\u6cd5\u5927\u5e2b\u3054\u907a\u544a\" width=\"150\" height=\"150\" class=\"alignnone size-thumbnail wp-image-4589\" srcset=\"https:\/\/www.takahatafudoson.or.jp\/wp-content\/uploads\/2019\/10\/04cbc63af1ec849088d42300f0cf2947-150x150.jpg 150w, https:\/\/www.takahatafudoson.or.jp\/wp-content\/uploads\/2019\/10\/04cbc63af1ec849088d42300f0cf2947-300x300.jpg 300w\" sizes=\"auto, (max-width: 150px) 100vw, 150px\" \/><\/a><\/th>\n<td>Important Cultural Property<\/td>\n<td>Heian period (Anna era, 969)<\/td>\n<\/tr>\n<tr>\n<th>Rishu-kyo Mandala<\/th>\n<td>Important Art<\/td>\n<td>Kamakura period<\/td>\n<\/tr>\n<tr>\n<th>Hakko Daiji<\/th>\n<td>Important Art<\/td>\n<td>Heian period<\/td>\n<\/tr>\n<tr>\n<th>Jingo-ji Temple sutras<\/th>\n<td>Important Art<\/td>\n<td>Heian period<\/td>\n<\/tr>\n<tr>\n<th>Kongoji documents<\/th>\n<td>Metropolitan Tangible Cultural Property<\/td>\n<td>Edo period (4110 documents)<\/td>\n<\/tr>\n<tr>\n<th>Notes of Hijikata (8 documents)<\/th>\n<td>Metropolitan Tangible Cultural Property<\/td>\n<td>Muromachi~Momoyama period<\/td>\n<\/tr>\n<tr>\n<th>Collections of past and present<\/th>\n<td>City Designated Important Cultural Property<\/td>\n<td>\n<p>Muromachi period<br \/>\nImagawa Norimasa<\/p>\n<\/td>\n<\/tr>\n<tr>\n<th>Ancient books, ancient sutras<\/th>\n<td>City Designated Important Cultural Properties<br \/>\n(about 8,000)<\/td>\n<\/tr>\n<tr>\n<th rowspan=\"3\">Others<\/th>\n<th>Stone monuments from Bun&#8217;ei era<\/th>\n<td>City Designated Important Cultural Property<\/td>\n<td>Kamakura period (1271)<\/td>\n<\/tr>\n<tr>\n<th>Shinsengumi monuments<\/th>\n<td>City Designated Historic Site<\/td>\n<td>Meiji era<br \/>\nInscribed with the year 1876.<br \/>\nConstructed in 1889.<\/td>\n<\/tr>\n<tr>\n<th>Japanese cornel dogwood or<br \/>\nconiferous Forest of Mt. Atago<br \/>\n<a href=\"https:\/\/www.takahatafudoson.or.jp\/wp-content\/uploads\/2019\/10\/7e3c54347499fce0d22d4814bdd4cde1.jpg\"><img loading=\"lazy\" decoding=\"async\" src=\"https:\/\/www.takahatafudoson.or.jp\/wp-content\/uploads\/2019\/10\/7e3c54347499fce0d22d4814bdd4cde1-150x150.jpg\" alt=\"\u5c71\u8331\u8438\" width=\"150\" height=\"150\" class=\"alignnone size-thumbnail wp-image-4591\" srcset=\"https:\/\/www.takahatafudoson.or.jp\/wp-content\/uploads\/2019\/10\/7e3c54347499fce0d22d4814bdd4cde1-150x150.jpg 150w, https:\/\/www.takahatafudoson.or.jp\/wp-content\/uploads\/2019\/10\/7e3c54347499fce0d22d4814bdd4cde1-300x300.jpg 300w\" sizes=\"auto, (max-width: 150px) 100vw, 150px\" \/><\/a><\/th>\n<td>City Designated Historic Site<\/td>\n<\/tr>\n<\/tbody>\n<\/table>\n<p>&nbsp;<\/p>\n<\/div>\n","protected":false},"excerpt":{"rendered":"<p>&nbsp; Takahata-Fudoson lost a great number of temple treasures in a fire in 1779, but still possesses about 20,000 precious cultural properties today, including Buddhas from the Heian era such as the Statue of Fud\u014dsanson, the Statue of Dainichi-nyorai, the [&hellip;]<\/p>\n","protected":false},"author":4,"featured_media":3160,"parent":0,"menu_order":0,"comment_status":"open","ping_status":"open","template":"page-wide.php","meta":{"_acf_changed":false,"footnotes":""},"class_list":["post-4407","page","type-page","status-publish","has-post-thumbnail","hentry"],"acf":[],"_links":{"self":[{"href":"https:\/\/www.takahatafudoson.or.jp\/en\/index.php?rest_route=\/wp\/v2\/pages\/4407","targetHints":{"allow":["GET"]}}],"collection":[{"href":"https:\/\/www.takahatafudoson.or.jp\/en\/index.php?rest_route=\/wp\/v2\/pages"}],"about":[{"href":"https:\/\/www.takahatafudoson.or.jp\/en\/index.php?rest_route=\/wp\/v2\/types\/page"}],"author":[{"embeddable":true,"href":"https:\/\/www.takahatafudoson.or.jp\/en\/index.php?rest_route=\/wp\/v2\/users\/4"}],"replies":[{"embeddable":true,"href":"https:\/\/www.takahatafudoson.or.jp\/en\/index.php?rest_route=%2Fwp%2Fv2%2Fcomments&post=4407"}],"version-history":[{"count":21,"href":"https:\/\/www.takahatafudoson.or.jp\/en\/index.php?rest_route=\/wp\/v2\/pages\/4407\/revisions"}],"predecessor-version":[{"id":4601,"href":"https:\/\/www.takahatafudoson.or.jp\/en\/index.php?rest_route=\/wp\/v2\/pages\/4407\/revisions\/4601"}],"wp:featuredmedia":[{"embeddable":true,"href":"https:\/\/www.takahatafudoson.or.jp\/en\/index.php?rest_route=\/wp\/v2\/media\/3160"}],"wp:attachment":[{"href":"https:\/\/www.takahatafudoson.or.jp\/en\/index.php?rest_route=%2Fwp%2Fv2%2Fmedia&parent=4407"}],"curies":[{"name":"wp","href":"https:\/\/api.w.org\/{rel}","templated":true}]}}